{"id":79,"date":"2014-10-11T22:55:26","date_gmt":"2014-10-11T22:55:26","guid":{"rendered":"http:\/\/tex.fr\/?page_id=79"},"modified":"2014-10-11T22:55:26","modified_gmt":"2014-10-11T22:55:26","slug":"acceuil","status":"publish","type":"page","link":"https:\/\/tex.fr\/","title":{"rendered":"Accueil"},"content":{"rendered":"<h3>Isolation de l&#8217;IOT et installation d&#8217;un firewall r\u00e9seau<\/h3>\n<h3><span style=\"display: inline !important; float: none; background-color: #ffffff; color: #141412; cursor: text; font-family: 'Source Sans Pro',Helvetica,sans-serif; font-size: 16px; font-style: normal; font-variant: normal; font-weight: 400; letter-spacing: normal; orphans: 2; text-align: left; text-decoration: none; text-indent: 0px; text-transform: none; -webkit-text-stroke-width: 0px; white-space: normal; word-spacing: 0px;\">Connaissez-vous le site Shodan? Non ? Et bien le hacker qui risque un jour d&#8217;infiltrer votre r\u00e9seau, lui le connait. C&#8217;est l\u00e0 qu&#8217;il trouvera d&#8217;abord l&#8217;IP de votre <\/span><span style=\"display: inline !important; float: none; background-color: #ffffff; color: #141412; cursor: text; font-family: 'Source Sans Pro',Helvetica,sans-serif; font-size: 16px; font-style: normal; font-variant: normal; font-weight: 400; letter-spacing: normal; orphans: 2; text-align: left; text-decoration: none; text-indent: 0px; text-transform: none; -webkit-text-stroke-width: 0px; white-space: normal; word-spacing: 0px;\">cam\u00e9ra branch\u00e9e sur internet, puis que c&#8217;est une version vuln\u00e9rable. Le tout lui permettra de s&#8217;introduire sur votre r\u00e9seau personnel en quelques secondes. Cam\u00e9ras, lampes, radiateurs, t\u00e9l\u00e9visions, routeurs, on \u00e9value que le nombre d&#8217;objets connect\u00e9s atteindra 38.5 milliards en 2020.&nbsp; Selon certaines estimation, 80% des objets connect\u00e9s en circulation seraient vuln\u00e9rables. Il est vrai les plus geeks d&#8217;entre-nous peuvent essayer d&#8217;installer un firewall et un antivirus sur leur radiateur connect\u00e9 pr\u00e9f\u00e9r\u00e9. Mais sans vouloir jouer les rabats joie, je doute fortement du succ\u00e8s de l&#8217;op\u00e9ration. Alors comment \u00e9viter qu&#8217;une simple lampe wifi pilotable depuis internet ne se transforme en trou b\u00e9ant par lequel un hacker s&#8217;introduira pour chiffrer toutes vos photos de vacances stock\u00e9es sur votre NAS?&nbsp; La r\u00e9ponse, tient en 2 mots, <a href=\"https:\/\/tex.fr\/isolation-reseau-iot\/\">isolation et firewall r\u00e9seau<\/a> .<\/span><\/h3>\n<h3><span style=\"color: #000000;\">Correction des erreurs Windows 10<br \/>\n<\/span><\/h3>\n<p>Un jour ou \u00e9tait-ce une nuit, j\u2019eus l&#8217;id\u00e9e saugrenue de vouloir \u00e9liminer un par un les messages d&#8217;erreurs qui apparaissaient dans l&#8217;observateur d&#8217;\u00e9v\u00e8nements de windows. Bien mal m&#8217;en a pris car depuis j&#8217;y passe mes jours et mes nuits, en vain. Dans un acc\u00e8s d&#8217;altruisme qui devrait sans aucun doute me valoir bient\u00f4t le prix Nobel, je vais pr\u00e9senter ici toutes les op\u00e9rations que j&#8217;ai pu mener \u00e0 bien dans ma lutte inhumaine contre&nbsp; les erreurs de configuration de windows 10.&nbsp; Alors <a href=\"https:\/\/tex.fr\/windows-correction\/\" target=\"_blank\" rel=\"noopener noreferrer\">bienvenue dans l&#8217;enfer des \u00e9v\u00e8nements<\/a>!<\/p>\n<h3><span style=\"color: #000000;\">Routage<\/span><\/h3>\n<p>Le routage c&#8217;est ma passion. Non, je vous rassure, je plaisante&#8230;.ou pas.&nbsp; Venez, on fait un bout de route ensemble et je vous parlerais, mais pas seulement, du routeur Asus RT-AC68U qui une fois habill\u00e9 de son firmware open-source <a href=\"https:\/\/tex.fr\/?p=209\" target=\"_blank\" rel=\"noopener noreferrer\">AsusWRT Merlin <\/a>devient un must incontournable. Si vous voulez savoir comment <a href=\"https:\/\/tex.fr\/?p=68\">architecturer son r\u00e9seau personnel<\/a>, <a href=\"https:\/\/tex.fr\/?p=147\">installer un routeur Asus<\/a>, <a href=\"https:\/\/tex.fr\/?p=232\">configurer un client openvpn Merlin<\/a>, etc, alors <a title=\"Installation et configuration du routeur RT-AC68U\" href=\"https:\/\/tex.fr\/?p=17\"> c&#8217;est par ici que \u00e7a se passe<\/a>.<\/p>\n<div>Ma config Merlin pour le service VyprVpn de golden frog, avec son param\u00e9trage dnsmasq resistant aux d\u00e9connexions vpn <a href=\"https:\/\/tex.fr\/?p=232\">c&#8217;est iciiiii<\/a><\/div>\n<figure id=\"attachment_36\" aria-describedby=\"caption-attachment-36\" style=\"width: 150px\" class=\"wp-caption alignright\"><a href=\"https:\/\/tex.fr\/?p=17\"><img loading=\"lazy\" decoding=\"async\" width=\"150\" height=\"150\" title=\"Asus RT-AC68U\" class=\"wp-image-36 size-thumbnail\" alt=\"Asus RT-AC68U\" src=\"https:\/\/tex.fr\/wp-content\/uploads\/2014\/10\/P_500-150x150.jpg\"><\/a><figcaption id=\"caption-attachment-36\" class=\"wp-caption-text\">Asus RT-AC68U<\/figcaption><\/figure>\n","protected":false},"excerpt":{"rendered":"<p>Isolation de l&#8217;IOT et installation d&#8217;un firewall r\u00e9seau Connaissez-vous le site Shodan? Non ? Et bien le hacker qui risque un jour d&#8217;infiltrer votre r\u00e9seau, lui le connait. C&#8217;est l\u00e0 qu&#8217;il trouvera d&#8217;abord l&#8217;IP de votre cam\u00e9ra branch\u00e9e sur internet, puis que c&#8217;est une version vuln\u00e9rable. Le tout lui permettra de s&#8217;introduire sur votre r\u00e9seau &hellip; <a href=\"https:\/\/tex.fr\/\" class=\"more-link\">Continue reading <span class=\"screen-reader-text\">Accueil<\/span> <span class=\"meta-nav\">&rarr;<\/span><\/a><\/p>\n","protected":false},"author":1,"featured_media":0,"parent":0,"menu_order":0,"comment_status":"closed","ping_status":"closed","template":"","meta":{"footnotes":""},"class_list":["post-79","page","type-page","status-publish","hentry"],"_links":{"self":[{"href":"https:\/\/tex.fr\/index.php\/wp-json\/wp\/v2\/pages\/79","targetHints":{"allow":["GET"]}}],"collection":[{"href":"https:\/\/tex.fr\/index.php\/wp-json\/wp\/v2\/pages"}],"about":[{"href":"https:\/\/tex.fr\/index.php\/wp-json\/wp\/v2\/types\/page"}],"author":[{"embeddable":true,"href":"https:\/\/tex.fr\/index.php\/wp-json\/wp\/v2\/users\/1"}],"replies":[{"embeddable":true,"href":"https:\/\/tex.fr\/index.php\/wp-json\/wp\/v2\/comments?post=79"}],"version-history":[{"count":0,"href":"https:\/\/tex.fr\/index.php\/wp-json\/wp\/v2\/pages\/79\/revisions"}],"wp:attachment":[{"href":"https:\/\/tex.fr\/index.php\/wp-json\/wp\/v2\/media?parent=79"}],"curies":[{"name":"wp","href":"https:\/\/api.w.org\/{rel}","templated":true}]}}