{"id":429,"date":"2016-02-28T17:09:27","date_gmt":"2016-02-28T17:09:27","guid":{"rendered":"http:\/\/tex.fr\/?page_id=429"},"modified":"2016-02-28T17:09:27","modified_gmt":"2016-02-28T17:09:27","slug":"windows-correction","status":"publish","type":"page","link":"https:\/\/tex.fr\/index.php\/windows-correction\/","title":{"rendered":"Correction des erreurs Windows"},"content":{"rendered":"\n<!-- NOTE: If you need to make changes to this file, copy it to your current theme's main\n\tdirectory so your changes won't be overwritten when the plugin is upgraded. -->\n\n<!-- Post Wrap Start-->\n<div class=\"post hentry ivycat-post\">\n\n\t<!-- \tThis outputs the post TITLE -->\n\t<h2 class=\"entry-title\"><a href=\"https:\/\/tex.fr\/index.php\/2016\/02\/28\/lobservateur-devenements-corriger-erreurs-windows\/\">La correction des erreurs de windows<\/a><\/h2>\n\n\t<!-- \tThis outputs the post EXCERPT.  To display full content including images and html,\n\t\treplace the_excerpt(); with the_content();  below. -->\n\t<div class=\"entry-summary\">\n\t\t<p>Si vous ne savez pas ce qu&#8217;est l&#8217;observateur d&#8217;\u00e9v\u00e8nements de windows alors il vous reste 3 secondes pour fermer cette page en esp\u00e9rant que le temps effacera de votre m\u00e9moire cet acc\u00e8s intempestif . \u00c9videment si vous avez d\u00e9cel\u00e9 des pannes du syst\u00e8me ou des applications windows que vous avez tentez des les corriger alors <a class=\"read-more\" href=\"https:\/\/tex.fr\/index.php\/2016\/02\/28\/lobservateur-devenements-corriger-erreurs-windows\/\">&#8230;en lire plus&#8230;<\/a><\/p>\n\t<\/div>\n\n\t<!--\tThis outputs the post META information -->\n\t<div class=\"entry-utility\">\n\t\t\t\t\t<span class=\"cat-links\">\n\t\t\t\t<span class=\"entry-utility-prep entry-utility-prep-cat-links\">Posted in<\/span> <a href=\"https:\/\/tex.fr\/index.php\/category\/windows\/\" rel=\"category tag\">windows<\/a>\t\t\t<\/span>\n\t\t\t<span class=\"meta-sep\">|<\/span>\n\t\t\t\t\t\t\t<span class=\"tag-links\">\n\t\t\t\t<span class=\"entry-utility-prep entry-utility-prep-tag-links\">Tagged<\/span> <a href=\"https:\/\/tex.fr\/index.php\/tag\/event-log\/\" rel=\"tag\">event log<\/a>, <a href=\"https:\/\/tex.fr\/index.php\/tag\/event-viewer\/\" rel=\"tag\">event viewer<\/a>, <a href=\"https:\/\/tex.fr\/index.php\/tag\/observateur-devenements\/\" rel=\"tag\">observateur d'\u00e9v\u00e8nements<\/a>, <a href=\"https:\/\/tex.fr\/index.php\/tag\/regedit\/\" rel=\"tag\">regedit<\/a>\t\t\t<\/span>\n\t\t\t<span class=\"meta-sep\">|<\/span>\n\t\t\t\t<span class=\"comments-link\">\n\t\t\t<span>Comments Off<span class=\"screen-reader-text\"> on La correction des erreurs de windows<\/span><\/span>\t\t<\/span>\n\t\t\t<\/div>\n<\/div>\n<!-- \/\/ Post Wrap End -->\n\n\n<!-- NOTE: If you need to make changes to this file, copy it to your current theme's main\n\tdirectory so your changes won't be overwritten when the plugin is upgraded. -->\n\n<!-- Post Wrap Start-->\n<div class=\"post hentry ivycat-post\">\n\n\t<!-- \tThis outputs the post TITLE -->\n\t<h2 class=\"entry-title\"><a href=\"https:\/\/tex.fr\/index.php\/2016\/03\/01\/le-systeme-ne-se-met-plus-en-veille-automatique\/\">Le syst\u00e8me ne se met plus en veille automatique<\/a><\/h2>\n\n\t<!-- \tThis outputs the post EXCERPT.  To display full content including images and html,\n\t\treplace the_excerpt(); with the_content();  below. -->\n\t<div class=\"entry-summary\">\n\t\t<p>Le syst\u00e8me ne se met plus en veille automatique Du jour au lendemain, sans pr\u00e9venir, votre pc refuse de rentrer en veille automatique.\u00a0 dans ce cas vous pouvez tenter de reconstruire le fichier hiberfil.sys en ex\u00e9cutant successivement les 2 commandes suivantes : c:\\users\\tex&gt; powercfg \/h off c:\\users\\tex&gt; powercfg \/h on Si votre pc rechigne toujours <a class=\"read-more\" href=\"https:\/\/tex.fr\/index.php\/2016\/03\/01\/le-systeme-ne-se-met-plus-en-veille-automatique\/\">&#8230;en lire plus&#8230;<\/a><\/p>\n\t<\/div>\n\n\t<!--\tThis outputs the post META information -->\n\t<div class=\"entry-utility\">\n\t\t\t\t\t<span class=\"cat-links\">\n\t\t\t\t<span class=\"entry-utility-prep entry-utility-prep-cat-links\">Posted in<\/span> <a href=\"https:\/\/tex.fr\/index.php\/category\/windows\/\" rel=\"category tag\">windows<\/a>\t\t\t<\/span>\n\t\t\t<span class=\"meta-sep\">|<\/span>\n\t\t\t\t\t\t<span class=\"comments-link\">\n\t\t\t<span>Comments Off<span class=\"screen-reader-text\"> on Le syst\u00e8me ne se met plus en veille automatique<\/span><\/span>\t\t<\/span>\n\t\t\t<\/div>\n<\/div>\n<!-- \/\/ Post Wrap End -->\n\n\n<!-- NOTE: If you need to make changes to this file, copy it to your current theme's main\n\tdirectory so your changes won't be overwritten when the plugin is upgraded. -->\n\n<!-- Post Wrap Start-->\n<div class=\"post hentry ivycat-post\">\n\n\t<!-- \tThis outputs the post TITLE -->\n\t<h2 class=\"entry-title\"><a href=\"https:\/\/tex.fr\/index.php\/2016\/03\/01\/erreurs-windows-et-corrections\/\">R\u00e9paration des compteurs de performance<\/a><\/h2>\n\n\t<!-- \tThis outputs the post EXCERPT.  To display full content including images and html,\n\t\treplace the_excerpt(); with the_content();  below. -->\n\t<div class=\"entry-summary\">\n\t\t<p>Erreurs de la cat\u00e9gorie perfmon, perflib et counter Cet article d\u00e9crit comment corriger les erreurs journalis\u00e9es dans l&#8217;observateur d&#8217;\u00e9v\u00e8nements li\u00e9es aux compteurs de performance, telles que : Event ID 1008 : \u00ab\u00c9chec de la proc\u00e9dure d\u2019ouverture pour le service \u00abusbhub\u00bb dans la DLL \u00ab\u00a0C:\\WINDOWS\\system32\\usbperf.dll\u00a0\u00bb. Les donn\u00e9es de performance de ce service ne seront pas disponibles. <a class=\"read-more\" href=\"https:\/\/tex.fr\/index.php\/2016\/03\/01\/erreurs-windows-et-corrections\/\">&#8230;en lire plus&#8230;<\/a><\/p>\n\t<\/div>\n\n\t<!--\tThis outputs the post META information -->\n\t<div class=\"entry-utility\">\n\t\t\t\t\t<span class=\"cat-links\">\n\t\t\t\t<span class=\"entry-utility-prep entry-utility-prep-cat-links\">Posted in<\/span> <a href=\"https:\/\/tex.fr\/index.php\/category\/windows\/\" rel=\"category tag\">windows<\/a>\t\t\t<\/span>\n\t\t\t<span class=\"meta-sep\">|<\/span>\n\t\t\t\t\t\t<span class=\"comments-link\">\n\t\t\t<span>Comments Off<span class=\"screen-reader-text\"> on R\u00e9paration des compteurs de performance<\/span><\/span>\t\t<\/span>\n\t\t\t<\/div>\n<\/div>\n<!-- \/\/ Post Wrap End -->\n\n\n<!-- NOTE: If you need to make changes to this file, copy it to your current theme's main\n\tdirectory so your changes won't be overwritten when the plugin is upgraded. -->\n\n<!-- Post Wrap Start-->\n<div class=\"post hentry ivycat-post\">\n\n\t<!-- \tThis outputs the post TITLE -->\n\t<h2 class=\"entry-title\"><a href=\"https:\/\/tex.fr\/index.php\/2016\/03\/05\/event-2003\/\">Event 2003<\/a><\/h2>\n\n\t<!-- \tThis outputs the post EXCERPT.  To display full content including images and html,\n\t\treplace the_excerpt(); with the_content();  below. -->\n\t<div class=\"entry-summary\">\n\t\t<p>Cet article d\u00e9crit comment corriger la double erreur 1008 et 2003 quand elle survient dans l&#8217;observateur d&#8217;\u00e9v\u00e8nements. Event ID 2003 : \u00abLes informations de configuration de la biblioth\u00e8que de performance &#8220;C:\\Windows\\System32\\perfts.dll&#8221; pour le service &#8220;TermService&#8221; ne correspondent pas aux informations de la biblioth\u00e8que de performance approuv\u00e9e stock\u00e9e dans le registre. Les fonctions de cette biblioth\u00e8que <a class=\"read-more\" href=\"https:\/\/tex.fr\/index.php\/2016\/03\/05\/event-2003\/\">&#8230;en lire plus&#8230;<\/a><\/p>\n\t<\/div>\n\n\t<!--\tThis outputs the post META information -->\n\t<div class=\"entry-utility\">\n\t\t\t\t\t<span class=\"cat-links\">\n\t\t\t\t<span class=\"entry-utility-prep entry-utility-prep-cat-links\">Posted in<\/span> <a href=\"https:\/\/tex.fr\/index.php\/category\/windows\/\" rel=\"category tag\">windows<\/a>\t\t\t<\/span>\n\t\t\t<span class=\"meta-sep\">|<\/span>\n\t\t\t\t\t\t<span class=\"comments-link\">\n\t\t\t<span>Comments Off<span class=\"screen-reader-text\"> on Event 2003<\/span><\/span>\t\t<\/span>\n\t\t\t<\/div>\n<\/div>\n<!-- \/\/ Post Wrap End -->\n\n\n<!-- NOTE: If you need to make changes to this file, copy it to your current theme's main\n\tdirectory so your changes won't be overwritten when the plugin is upgraded. -->\n\n<!-- Post Wrap Start-->\n<div class=\"post hentry ivycat-post\">\n\n\t<!-- \tThis outputs the post TITLE -->\n\t<h2 class=\"entry-title\"><a href=\"https:\/\/tex.fr\/index.php\/2016\/03\/11\/correction-perf-bits\/\">1008 perflib service \u00abBITS\u00bb (1\/2)<\/a><\/h2>\n\n\t<!-- \tThis outputs the post EXCERPT.  To display full content including images and html,\n\t\treplace the_excerpt(); with the_content();  below. -->\n\t<div class=\"entry-summary\">\n\t\t<p>\u00c9v\u00e8nement 1008 Perflib : Service \u00abBITS\u00bb Event ID 1008 Perflib : \u00ab\u00c9chec de la proc\u00e9dure d\u2019ouverture pour le service \u00ab\u00a0BITS\u00a0\u00bb dans la DLL \u00ab\u00a0C:\\Windows\\System32\\bitsperf.dll\u00a0\u00bb. Les donn\u00e9es de performance de ce service ne seront pas disponibles. Le premier mot (DWORD) de la section Donn\u00e9es contient le code d\u2019erreur.\u00bb La correction de cette erreur est trait\u00e9e en <a class=\"read-more\" href=\"https:\/\/tex.fr\/index.php\/2016\/03\/11\/correction-perf-bits\/\">&#8230;en lire plus&#8230;<\/a><\/p>\n\t<\/div>\n\n\t<!--\tThis outputs the post META information -->\n\t<div class=\"entry-utility\">\n\t\t\t\t\t<span class=\"cat-links\">\n\t\t\t\t<span class=\"entry-utility-prep entry-utility-prep-cat-links\">Posted in<\/span> <a href=\"https:\/\/tex.fr\/index.php\/category\/uncategorized\/\" rel=\"category tag\">Uncategorized<\/a>\t\t\t<\/span>\n\t\t\t<span class=\"meta-sep\">|<\/span>\n\t\t\t\t\t\t<span class=\"comments-link\">\n\t\t\t<span>Comments Off<span class=\"screen-reader-text\"> on 1008 perflib service \u00abBITS\u00bb (1\/2)<\/span><\/span>\t\t<\/span>\n\t\t\t<\/div>\n<\/div>\n<!-- \/\/ Post Wrap End -->\n\n","protected":false},"excerpt":{"rendered":"","protected":false},"author":1,"featured_media":0,"parent":0,"menu_order":0,"comment_status":"closed","ping_status":"closed","template":"","meta":{"footnotes":""},"class_list":["post-429","page","type-page","status-publish","hentry"],"_links":{"self":[{"href":"https:\/\/tex.fr\/index.php\/wp-json\/wp\/v2\/pages\/429","targetHints":{"allow":["GET"]}}],"collection":[{"href":"https:\/\/tex.fr\/index.php\/wp-json\/wp\/v2\/pages"}],"about":[{"href":"https:\/\/tex.fr\/index.php\/wp-json\/wp\/v2\/types\/page"}],"author":[{"embeddable":true,"href":"https:\/\/tex.fr\/index.php\/wp-json\/wp\/v2\/users\/1"}],"replies":[{"embeddable":true,"href":"https:\/\/tex.fr\/index.php\/wp-json\/wp\/v2\/comments?post=429"}],"version-history":[{"count":0,"href":"https:\/\/tex.fr\/index.php\/wp-json\/wp\/v2\/pages\/429\/revisions"}],"wp:attachment":[{"href":"https:\/\/tex.fr\/index.php\/wp-json\/wp\/v2\/media?parent=429"}],"curies":[{"name":"wp","href":"https:\/\/api.w.org\/{rel}","templated":true}]}}