{"id":17,"date":"2014-10-11T19:32:39","date_gmt":"2014-10-11T19:32:39","guid":{"rendered":"http:\/\/tex.fr\/?page_id=17"},"modified":"2014-10-11T19:32:39","modified_gmt":"2014-10-11T19:32:39","slug":"routeur-configuration","status":"publish","type":"page","link":"https:\/\/tex.fr\/index.php\/routeur-configuration\/","title":{"rendered":"Configuration d&#8217;un routeur Asus RT-AC68U"},"content":{"rendered":"<p>\n<!-- NOTE: If you need to make changes to this file, copy it to your current theme's main\n\tdirectory so your changes won't be overwritten when the plugin is upgraded. -->\n\n<!-- Post Wrap Start-->\n<div class=\"post hentry ivycat-post\">\n\n\t<!-- \tThis outputs the post TITLE -->\n\t<h2 class=\"entry-title\"><a href=\"https:\/\/tex.fr\/index.php\/2014\/10\/11\/routeur-chez-bon\/\">Un routeur chez-moi, \u00e0 quoi bon?<\/a><\/h2>\n\n\t<!-- \tThis outputs the post EXCERPT.  To display full content including images and html,\n\t\treplace the_excerpt(); with the_content();  below. -->\n\t<div class=\"entry-summary\">\n\t\t<p>Je ne sais pas si vous \u00eates comme moi? Si vous lisez cette page il y a fort \u00e0 craindre que oui. Il m&#8217;arrive de temps en temps de compter le nombre de machines qui sont connect\u00e9es \u00e0 mon r\u00e9seau personnel. En fait, parler de &#8220;machines&#8221; n&#8217;est plus adapt\u00e9 \u00e0 la situation. C&#8217;est r\u00e9cemment que <a class=\"read-more\" href=\"https:\/\/tex.fr\/index.php\/2014\/10\/11\/routeur-chez-bon\/\">&#8230;en lire plus&#8230;<\/a><\/p>\n\t<\/div>\n\n\t<!--\tThis outputs the post META information -->\n\t<div class=\"entry-utility\">\n\t\t\t\t\t<span class=\"cat-links\">\n\t\t\t\t<span class=\"entry-utility-prep entry-utility-prep-cat-links\">Posted in<\/span> <a href=\"https:\/\/tex.fr\/index.php\/category\/routage\/\" rel=\"category tag\">routage<\/a>\t\t\t<\/span>\n\t\t\t<span class=\"meta-sep\">|<\/span>\n\t\t\t\t\t\t\t<span class=\"tag-links\">\n\t\t\t\t<span class=\"entry-utility-prep entry-utility-prep-tag-links\">Tagged<\/span> <a href=\"https:\/\/tex.fr\/index.php\/tag\/routage\/\" rel=\"tag\">routage<\/a>\t\t\t<\/span>\n\t\t\t<span class=\"meta-sep\">|<\/span>\n\t\t\t\t<span class=\"comments-link\">\n\t\t\t<span>Comments Off<span class=\"screen-reader-text\"> on Un routeur chez-moi, \u00e0 quoi bon?<\/span><\/span>\t\t<\/span>\n\t\t\t<\/div>\n<\/div>\n<!-- \/\/ Post Wrap End -->\n<br \/>\n\n<!-- NOTE: If you need to make changes to this file, copy it to your current theme's main\n\tdirectory so your changes won't be overwritten when the plugin is upgraded. -->\n\n<!-- Post Wrap Start-->\n<div class=\"post hentry ivycat-post\">\n\n\t<!-- \tThis outputs the post TITLE -->\n\t<h2 class=\"entry-title\"><a href=\"https:\/\/tex.fr\/index.php\/2014\/10\/11\/configuration-du-routeur-rt-ac68u-derriere-box-adsl\/\">Configuration du routeur RT-AC68U derriere une Box ADSL (I\/II)<\/a><\/h2>\n\n\t<!-- \tThis outputs the post EXCERPT.  To display full content including images and html,\n\t\treplace the_excerpt(); with the_content();  below. -->\n\t<div class=\"entry-summary\">\n\t\t<p>Pr\u00e9ambule Cet article pr\u00e9sente les \u00e9tapes n\u00e9cessaires \u00e0 l&#8217;installation dans un r\u00e9seau personnel d&#8217;un routeur bridge connect\u00e9 derri\u00e8re une box adsl.\u00a0 L&#8217;article est divis\u00e9 en 2 parties. Dans cette premi\u00e8re partie je vous pr\u00e9sente\u00a0sous forme\u00a0 de sch\u00e9mas l&#8217;organisation logique du r\u00e9seau personnel qui en d\u00e9coule . Dans la partie suivant, je vous indique copies d&#8217;\u00e9crans <a class=\"read-more\" href=\"https:\/\/tex.fr\/index.php\/2014\/10\/11\/configuration-du-routeur-rt-ac68u-derriere-box-adsl\/\">&#8230;en lire plus&#8230;<\/a><\/p>\n\t<\/div>\n\n\t<!--\tThis outputs the post META information -->\n\t<div class=\"entry-utility\">\n\t\t\t\t\t<span class=\"cat-links\">\n\t\t\t\t<span class=\"entry-utility-prep entry-utility-prep-cat-links\">Posted in<\/span> <a href=\"https:\/\/tex.fr\/index.php\/category\/routage\/\" rel=\"category tag\">routage<\/a>\t\t\t<\/span>\n\t\t\t<span class=\"meta-sep\">|<\/span>\n\t\t\t\t\t\t\t<span class=\"tag-links\">\n\t\t\t\t<span class=\"entry-utility-prep entry-utility-prep-tag-links\">Tagged<\/span> <a href=\"https:\/\/tex.fr\/index.php\/tag\/asuswrt\/\" rel=\"tag\">AsusWRT<\/a>\t\t\t<\/span>\n\t\t\t<span class=\"meta-sep\">|<\/span>\n\t\t\t\t<span class=\"comments-link\">\n\t\t\t<span>Comments Off<span class=\"screen-reader-text\"> on Configuration du routeur RT-AC68U derriere une Box ADSL (I\/II)<\/span><\/span>\t\t<\/span>\n\t\t\t<\/div>\n<\/div>\n<!-- \/\/ Post Wrap End -->\n<br \/>\n\n<!-- NOTE: If you need to make changes to this file, copy it to your current theme's main\n\tdirectory so your changes won't be overwritten when the plugin is upgraded. -->\n\n<!-- Post Wrap Start-->\n<div class=\"post hentry ivycat-post\">\n\n\t<!-- \tThis outputs the post TITLE -->\n\t<h2 class=\"entry-title\"><a href=\"https:\/\/tex.fr\/index.php\/2014\/10\/27\/configuration-du-routeur-rt-ac68u-derriere-box-adsl-suite\/\">Configuration du routeur RT-AC68U derriere une Box ADSL (II\/II)<\/a><\/h2>\n\n\t<!-- \tThis outputs the post EXCERPT.  To display full content including images and html,\n\t\treplace the_excerpt(); with the_content();  below. -->\n\t<div class=\"entry-summary\">\n\t\t<p>Pr\u00e9ambule Cette page est la seconde partie d&#8217;un article d\u00e9crivant l&#8217;installation dans un r\u00e9seau personnel d&#8217;un routeur connect\u00e9 derri\u00e8re une box adsl. Dans cette partie je vous indique comment param\u00e9trer le routeur RT-AC68U pour r\u00e9aliser le r\u00e9seau personnel dont vous trouverez la description et les sch\u00e9mas ici. Vous noterez certainement quelques diff\u00e9rences entre les captures <a class=\"read-more\" href=\"https:\/\/tex.fr\/index.php\/2014\/10\/27\/configuration-du-routeur-rt-ac68u-derriere-box-adsl-suite\/\">&#8230;en lire plus&#8230;<\/a><\/p>\n\t<\/div>\n\n\t<!--\tThis outputs the post META information -->\n\t<div class=\"entry-utility\">\n\t\t\t\t\t<span class=\"cat-links\">\n\t\t\t\t<span class=\"entry-utility-prep entry-utility-prep-cat-links\">Posted in<\/span> <a href=\"https:\/\/tex.fr\/index.php\/category\/routage\/\" rel=\"category tag\">routage<\/a>\t\t\t<\/span>\n\t\t\t<span class=\"meta-sep\">|<\/span>\n\t\t\t\t\t\t<span class=\"comments-link\">\n\t\t\t<span>Comments Off<span class=\"screen-reader-text\"> on Configuration du routeur RT-AC68U derriere une Box ADSL (II\/II)<\/span><\/span>\t\t<\/span>\n\t\t\t<\/div>\n<\/div>\n<!-- \/\/ Post Wrap End -->\n<br \/>\n\n<!-- NOTE: If you need to make changes to this file, copy it to your current theme's main\n\tdirectory so your changes won't be overwritten when the plugin is upgraded. -->\n\n<!-- Post Wrap Start-->\n<div class=\"post hentry ivycat-post\">\n\n\t<!-- \tThis outputs the post TITLE -->\n\t<h2 class=\"entry-title\"><a href=\"https:\/\/tex.fr\/index.php\/2014\/11\/13\/firmware-asuswrt-merlin\/\">Firmware Asuswrt-Merlin<\/a><\/h2>\n\n\t<!-- \tThis outputs the post EXCERPT.  To display full content including images and html,\n\t\treplace the_excerpt(); with the_content();  below. -->\n\t<div class=\"entry-summary\">\n\t\t<p>Le beur et l&#8217;argent du beur. Le firmware Asuswrt-Merlin est un firmware non officiel compatible avec la plupart des routeurs personnels de la gamme Asus. Ce firmware est d\u00e9velopp\u00e9 par un passionn\u00e9 qui se fait conna\u00eetre sous le nom de &#8230;R.Merlin. L&#8217;avantage du firmware Merlin est que contrairement \u00e0 bien d&#8217;autres firmwares de routeurs communautaires <a class=\"read-more\" href=\"https:\/\/tex.fr\/index.php\/2014\/11\/13\/firmware-asuswrt-merlin\/\">&#8230;en lire plus&#8230;<\/a><\/p>\n\t<\/div>\n\n\t<!--\tThis outputs the post META information -->\n\t<div class=\"entry-utility\">\n\t\t\t\t\t<span class=\"cat-links\">\n\t\t\t\t<span class=\"entry-utility-prep entry-utility-prep-cat-links\">Posted in<\/span> <a href=\"https:\/\/tex.fr\/index.php\/category\/merlin-2\/\" rel=\"category tag\">merlin<\/a>, <a href=\"https:\/\/tex.fr\/index.php\/category\/routage\/\" rel=\"category tag\">routage<\/a>\t\t\t<\/span>\n\t\t\t<span class=\"meta-sep\">|<\/span>\n\t\t\t\t\t\t<span class=\"comments-link\">\n\t\t\t<span>Comments Off<span class=\"screen-reader-text\"> on Firmware Asuswrt-Merlin<\/span><\/span>\t\t<\/span>\n\t\t\t<\/div>\n<\/div>\n<!-- \/\/ Post Wrap End -->\n<br \/>\n\n<!-- NOTE: If you need to make changes to this file, copy it to your current theme's main\n\tdirectory so your changes won't be overwritten when the plugin is upgraded. -->\n\n<!-- Post Wrap Start-->\n<div class=\"post hentry ivycat-post\">\n\n\t<!-- \tThis outputs the post TITLE -->\n\t<h2 class=\"entry-title\"><a href=\"https:\/\/tex.fr\/index.php\/2014\/12\/06\/vpn-anonyme-avec-le-client-openvpn-merlin\/\">VPN Anonyme avec le Client OpenVPN Merlin<\/a><\/h2>\n\n\t<!-- \tThis outputs the post EXCERPT.  To display full content including images and html,\n\t\treplace the_excerpt(); with the_content();  below. -->\n\t<div class=\"entry-summary\">\n\t\t<p>&bull; Un Tunnel VPN, quel int\u00e9r\u00eat? &bull; Le client VPN Asuswrt-merlin &bull; Configuration pour le service VyprVPN de golden frog &bull; Param\u00e9trage additionnel du DNS (Configuration avanc\u00e9e optionnelle&nbsp; Un VPN anonyme, quel int\u00e9r\u00eat? Que vous soyez pr\u00e9occup\u00e9 par la protection de votre priv\u00e9e ou par la s\u00e9curisation de vos connexions internet, alors forc\u00e9ment vous avez <a class=\"read-more\" href=\"https:\/\/tex.fr\/index.php\/2014\/12\/06\/vpn-anonyme-avec-le-client-openvpn-merlin\/\">&#8230;en lire plus&#8230;<\/a><\/p>\n\t<\/div>\n\n\t<!--\tThis outputs the post META information -->\n\t<div class=\"entry-utility\">\n\t\t\t\t\t<span class=\"cat-links\">\n\t\t\t\t<span class=\"entry-utility-prep entry-utility-prep-cat-links\">Posted in<\/span> <a href=\"https:\/\/tex.fr\/index.php\/category\/merlin-2\/\" rel=\"category tag\">merlin<\/a>, <a href=\"https:\/\/tex.fr\/index.php\/category\/openvpn\/\" rel=\"category tag\">OpenVPN<\/a>\t\t\t<\/span>\n\t\t\t<span class=\"meta-sep\">|<\/span>\n\t\t\t\t\t\t\t<span class=\"tag-links\">\n\t\t\t\t<span class=\"entry-utility-prep entry-utility-prep-tag-links\">Tagged<\/span> <a href=\"https:\/\/tex.fr\/index.php\/tag\/dns\/\" rel=\"tag\">dns<\/a>, <a href=\"https:\/\/tex.fr\/index.php\/tag\/dnsmasq\/\" rel=\"tag\">dnsmasq<\/a>, <a href=\"https:\/\/tex.fr\/index.php\/tag\/goldenfrog\/\" rel=\"tag\">goldenfrog<\/a>, <a href=\"https:\/\/tex.fr\/index.php\/tag\/merlin\/\" rel=\"tag\">Merlin<\/a>, <a href=\"https:\/\/tex.fr\/index.php\/tag\/openvpn\/\" rel=\"tag\">OpenVPN<\/a>, <a href=\"https:\/\/tex.fr\/index.php\/tag\/routage\/\" rel=\"tag\">routage<\/a>, <a href=\"https:\/\/tex.fr\/index.php\/tag\/vyprvpn\/\" rel=\"tag\">vyprvpn<\/a>\t\t\t<\/span>\n\t\t\t<span class=\"meta-sep\">|<\/span>\n\t\t\t\t<span class=\"comments-link\">\n\t\t\t<span>Comments Off<span class=\"screen-reader-text\"> on VPN Anonyme avec le Client OpenVPN Merlin<\/span><\/span>\t\t<\/span>\n\t\t\t<\/div>\n<\/div>\n<!-- \/\/ Post Wrap End -->\n<\/p>\n<p>&nbsp;<\/p>\n","protected":false},"excerpt":{"rendered":"<p>&nbsp;<\/p>\n","protected":false},"author":1,"featured_media":0,"parent":0,"menu_order":0,"comment_status":"closed","ping_status":"closed","template":"","meta":{"footnotes":""},"class_list":["post-17","page","type-page","status-publish","hentry"],"_links":{"self":[{"href":"https:\/\/tex.fr\/index.php\/wp-json\/wp\/v2\/pages\/17","targetHints":{"allow":["GET"]}}],"collection":[{"href":"https:\/\/tex.fr\/index.php\/wp-json\/wp\/v2\/pages"}],"about":[{"href":"https:\/\/tex.fr\/index.php\/wp-json\/wp\/v2\/types\/page"}],"author":[{"embeddable":true,"href":"https:\/\/tex.fr\/index.php\/wp-json\/wp\/v2\/users\/1"}],"replies":[{"embeddable":true,"href":"https:\/\/tex.fr\/index.php\/wp-json\/wp\/v2\/comments?post=17"}],"version-history":[{"count":1,"href":"https:\/\/tex.fr\/index.php\/wp-json\/wp\/v2\/pages\/17\/revisions"}],"predecessor-version":[{"id":1884,"href":"https:\/\/tex.fr\/index.php\/wp-json\/wp\/v2\/pages\/17\/revisions\/1884"}],"wp:attachment":[{"href":"https:\/\/tex.fr\/index.php\/wp-json\/wp\/v2\/media?parent=17"}],"curies":[{"name":"wp","href":"https:\/\/api.w.org\/{rel}","templated":true}]}}