{"id":15,"date":"2014-10-11T19:30:35","date_gmt":"2014-10-11T19:30:35","guid":{"rendered":"http:\/\/tex.fr\/?page_id=15"},"modified":"2014-10-11T19:30:35","modified_gmt":"2014-10-11T19:30:35","slug":"propos","status":"publish","type":"page","link":"https:\/\/tex.fr\/index.php\/propos\/","title":{"rendered":"A propos"},"content":{"rendered":"<p>Informaticien de profession, sp\u00e9cialis\u00e9 dans le monde J2EE, le d\u00e9veloppement d&#8217;applications n-tiers front-office et back-office,\u00a0 tr\u00e8s au fait de tous les aspects\u00a0 li\u00e9s \u00e0 la s\u00e9curit\u00e9, au gr\u00e8s de mon feeling\u00a0 je partage ici ce que j&#8217;estime \u00eatre le plus int\u00e9ressant pour la communaut\u00e9 des d\u00e9veloppeurs et plus largement pour tous ceux qui ne se contentent pas de rester \u00e0 la surface des nouvelles technologies.\u00a0 Alors enfilez vos palmes, bouteilles sur le dos; allez, c&#8217;est parti, on plonge!<\/p>\n","protected":false},"excerpt":{"rendered":"<p>Informaticien de profession, sp\u00e9cialis\u00e9 dans le monde J2EE, le d\u00e9veloppement d&#8217;applications n-tiers front-office et back-office,\u00a0 tr\u00e8s au fait de tous les aspects\u00a0 li\u00e9s \u00e0 la s\u00e9curit\u00e9, au gr\u00e8s de mon feeling\u00a0 je partage ici ce que j&#8217;estime \u00eatre le plus int\u00e9ressant pour la communaut\u00e9 des d\u00e9veloppeurs et plus largement pour tous ceux qui ne se &hellip; <a href=\"https:\/\/tex.fr\/index.php\/propos\/\" class=\"more-link\">Continue reading <span class=\"screen-reader-text\">A propos<\/span> <span class=\"meta-nav\">&rarr;<\/span><\/a><\/p>\n","protected":false},"author":1,"featured_media":0,"parent":0,"menu_order":10,"comment_status":"open","ping_status":"open","template":"","meta":{"footnotes":""},"class_list":["post-15","page","type-page","status-publish","hentry"],"_links":{"self":[{"href":"https:\/\/tex.fr\/index.php\/wp-json\/wp\/v2\/pages\/15","targetHints":{"allow":["GET"]}}],"collection":[{"href":"https:\/\/tex.fr\/index.php\/wp-json\/wp\/v2\/pages"}],"about":[{"href":"https:\/\/tex.fr\/index.php\/wp-json\/wp\/v2\/types\/page"}],"author":[{"embeddable":true,"href":"https:\/\/tex.fr\/index.php\/wp-json\/wp\/v2\/users\/1"}],"replies":[{"embeddable":true,"href":"https:\/\/tex.fr\/index.php\/wp-json\/wp\/v2\/comments?post=15"}],"version-history":[{"count":0,"href":"https:\/\/tex.fr\/index.php\/wp-json\/wp\/v2\/pages\/15\/revisions"}],"wp:attachment":[{"href":"https:\/\/tex.fr\/index.php\/wp-json\/wp\/v2\/media?parent=15"}],"curies":[{"name":"wp","href":"https:\/\/api.w.org\/{rel}","templated":true}]}}